{"id":367,"date":"2023-12-12T15:50:52","date_gmt":"2023-12-12T14:50:52","guid":{"rendered":"https:\/\/couvreur-montreuil-toiture.fr\/blog\/?page_id=367"},"modified":"2025-02-17T14:58:38","modified_gmt":"2025-02-17T13:58:38","slug":"couvreur-montreuil-toiture-fr","status":"publish","type":"page","link":"https:\/\/couvreur-montreuil-toiture.fr\/blog\/","title":{"rendered":"couvreur-montreuil-toiture.fr"},"content":{"rendered":"\n<div class=\"wp-block-group titre-home is-content-justification-center is-nowrap is-layout-flex wp-container-core-group-is-layout-94bc23d7 wp-block-group-is-layout-flex\">\n<h1 class=\"wp-block-heading has-text-align-center has-contrast-color has-text-color has-link-color wp-elements-70bf7731ee4b60594c8760601ad1728d\" id=\"h-beaute-authentique-bien-etre-naturel-votre-guide-vers-une-vie-harmonieuse\">Entretien, r\u00e9novation et toiture durable<\/h1>\n<\/div>\n\n\n<div class=\"gb-container gb-container-d004d49a\">\n<div class=\"gb-container gb-container-5979e1bc\">\n\n<h2 class=\"gb-headline gb-headline-653b8ae5 gb-headline-text\"><a href=\"https:\/\/couvreur-montreuil-toiture.fr\/blog\/a-la-une\/\">\u00c0 la une<\/a><\/h2>\n\n\n<div class=\"gb-grid-wrapper gb-grid-wrapper-d81475ad\">\n<div class=\"gb-grid-column gb-grid-column-64f4838c\"><div class=\"gb-container gb-container-64f4838c\">\n\n<div class=\"gb-grid-wrapper gb-grid-wrapper-66dae3a3 gb-query-loop-wrapper\">\n<div class=\"gb-grid-column gb-grid-column-f8982118 gb-query-loop-item post-7596 post type-post status-publish format-standard hentry category-a-la-une\"><div class=\"gb-container gb-container-f8982118\"><a class=\"gb-container-link\" href=\"https:\/\/couvreur-montreuil-toiture.fr\/blog\/a-la-une\/guide-travaux-plomberie-domicile-evitez-les-pieges\/\"><\/a>\n\n\n<div class=\"gb-headline gb-headline-105a8e81 gb-headline-text\"><time class=\"entry-date published\" datetime=\"2026-04-10T15:16:03+02:00\">10 avril 2026<\/time><\/div>\n\n<h3 class=\"gb-headline gb-headline-d823eb89 gb-headline-text\"><a href=\"https:\/\/couvreur-montreuil-toiture.fr\/blog\/a-la-une\/guide-travaux-plomberie-domicile-evitez-les-pieges\/\">Guide travaux plomberie domicile : \u00e9vitez les pi\u00e8ges !<\/a><\/h3>\n\n<p class=\"gb-headline gb-headline-50783b14 gb-headline-text\">Ou un lavabo qui refuse de s&rsquo;\u00e9couler ? On sait ce que c&rsquo;est, ces gal\u00e8res qui vous pourrissent le quotidien. Cet article vous guide pas &#8230;<\/p>\n<\/div><\/div>\n<\/div>\n\n<\/div><\/div>\n\n<div class=\"gb-grid-column gb-grid-column-172c2d01\"><div class=\"gb-container gb-container-172c2d01\">\n\n<div class=\"gb-grid-wrapper gb-grid-wrapper-ae4a818a gb-query-loop-wrapper\">\n<div class=\"gb-grid-column gb-grid-column-a5958d80 gb-query-loop-item post-7541 post type-post status-publish format-standard has-post-thumbnail hentry category-a-la-une tag-calcul-surface tag-surface-toit tag-toit-pente\"><div class=\"gb-container gb-container-a5958d80\">\n<div class=\"gb-grid-wrapper gb-grid-wrapper-2316a5ad\">\n<div class=\"gb-grid-column gb-grid-column-f3dccbdb\"><div class=\"gb-container gb-container-f3dccbdb\">\n<figure class=\"gb-block-image gb-block-image-a77e6df6\"><a href=\"https:\/\/couvreur-montreuil-toiture.fr\/blog\/a-la-une\/comment-calculer-la-surface-de-votre-toit-en-pente-methode-precise\/\"><img loading=\"lazy\" decoding=\"async\" width=\"400\" height=\"167\" src=\"https:\/\/couvreur-montreuil-toiture.fr\/blog\/wp-content\/uploads\/2026\/02\/sdxl-8f5a07efaf879b2fd67643acd4d69120-scaled.png\" class=\"gb-image-a77e6df6\" alt=\"\" \/><\/a><\/figure>\n<\/div><\/div>\n\n<div class=\"gb-grid-column gb-grid-column-2cddd1f8\"><div class=\"gb-container gb-container-2cddd1f8\">\n<div class=\"gb-headline gb-headline-dcb58340 gb-headline-text\"><time class=\"entry-date published\" datetime=\"2026-02-05T09:24:00+01:00\">5 f\u00e9vrier 2026<\/time><\/div>\n\n<h3 class=\"gb-headline gb-headline-23a64d89 gb-headline-text\"><a href=\"https:\/\/couvreur-montreuil-toiture.fr\/blog\/a-la-une\/comment-calculer-la-surface-de-votre-toit-en-pente-methode-precise\/\">Comment calculer la surface de votre toit en pente : m\u00e9thode pr\u00e9cise<\/a><\/h3>\n\n<div class=\"gb-container gb-container-5da2d10d\"><\/div>\n<\/div><\/div>\n<\/div>\n<\/div><\/div>\n\n<div class=\"gb-grid-column gb-grid-column-a5958d80 gb-query-loop-item post-7537 post type-post status-publish format-standard has-post-thumbnail hentry category-a-la-une tag-isolation-sous-toiture tag-lame-dair1235 tag-sans-pare-pluie\"><div class=\"gb-container gb-container-a5958d80\">\n<div class=\"gb-grid-wrapper gb-grid-wrapper-2316a5ad\">\n<div class=\"gb-grid-column gb-grid-column-f3dccbdb\"><div class=\"gb-container gb-container-f3dccbdb\">\n<figure class=\"gb-block-image gb-block-image-a77e6df6\"><a href=\"https:\/\/couvreur-montreuil-toiture.fr\/blog\/a-la-une\/isolation-sous-toiture-sans-pare-pluie\/\"><img loading=\"lazy\" decoding=\"async\" width=\"400\" height=\"167\" src=\"https:\/\/couvreur-montreuil-toiture.fr\/blog\/wp-content\/uploads\/2026\/01\/sdxl-6af76c2929f6a6d677a7061cc3b54075-scaled.png\" class=\"gb-image-a77e6df6\" alt=\"\" \/><\/a><\/figure>\n<\/div><\/div>\n\n<div class=\"gb-grid-column gb-grid-column-2cddd1f8\"><div class=\"gb-container gb-container-2cddd1f8\">\n<div class=\"gb-headline gb-headline-dcb58340 gb-headline-text\"><time class=\"entry-date published\" datetime=\"2026-01-22T09:31:00+01:00\">22 janvier 2026<\/time><\/div>\n\n<h3 class=\"gb-headline gb-headline-23a64d89 gb-headline-text\"><a href=\"https:\/\/couvreur-montreuil-toiture.fr\/blog\/a-la-une\/isolation-sous-toiture-sans-pare-pluie\/\">isolation sous toiture sans pare-pluie<\/a><\/h3>\n\n<div class=\"gb-container gb-container-5da2d10d\"><\/div>\n<\/div><\/div>\n<\/div>\n<\/div><\/div>\n\n<div class=\"gb-grid-column gb-grid-column-a5958d80 gb-query-loop-item post-7487 post type-post status-publish format-standard has-post-thumbnail hentry category-a-la-une\"><div class=\"gb-container gb-container-a5958d80\">\n<div class=\"gb-grid-wrapper gb-grid-wrapper-2316a5ad\">\n<div class=\"gb-grid-column gb-grid-column-f3dccbdb\"><div class=\"gb-container gb-container-f3dccbdb\">\n<figure class=\"gb-block-image gb-block-image-a77e6df6\"><a href=\"https:\/\/couvreur-montreuil-toiture.fr\/blog\/a-la-une\/quel-bois-choisir-pour-une-charpente-traditionnelle-resistante-et-durable\/\"><img loading=\"lazy\" decoding=\"async\" width=\"400\" height=\"167\" src=\"https:\/\/couvreur-montreuil-toiture.fr\/blog\/wp-content\/uploads\/2025\/09\/sdxl-557147dd2265c0bbcca4f8419be573d1-scaled.png\" class=\"gb-image-a77e6df6\" alt=\"\" \/><\/a><\/figure>\n<\/div><\/div>\n\n<div class=\"gb-grid-column gb-grid-column-2cddd1f8\"><div class=\"gb-container gb-container-2cddd1f8\">\n<div class=\"gb-headline gb-headline-dcb58340 gb-headline-text\"><time class=\"entry-date published\" datetime=\"2025-08-31T10:13:51+02:00\">31 ao\u00fbt 2025<\/time><\/div>\n\n<h3 class=\"gb-headline gb-headline-23a64d89 gb-headline-text\"><a href=\"https:\/\/couvreur-montreuil-toiture.fr\/blog\/a-la-une\/quel-bois-choisir-pour-une-charpente-traditionnelle-resistante-et-durable\/\">Quel Bois Choisir pour une Charpente Traditionnelle R\u00e9sistante et Durable<\/a><\/h3>\n\n<div class=\"gb-container gb-container-5da2d10d\"><\/div>\n<\/div><\/div>\n<\/div>\n<\/div><\/div>\n<\/div>\n\n<\/div><\/div>\n<\/div>\n\n<div class=\"gb-grid-wrapper gb-grid-wrapper-dd363874\">\n<div class=\"gb-grid-column gb-grid-column-6e67919d\"><div class=\"gb-container gb-container-6e67919d\">\n\n<div class=\"gb-grid-wrapper gb-grid-wrapper-498f7d99 gb-query-loop-wrapper\">\n<div class=\"gb-grid-column gb-grid-column-4d5a3bc3 gb-query-loop-item post-7483 post type-post status-publish format-standard has-post-thumbnail hentry category-a-la-une\"><div class=\"gb-container gb-container-4d5a3bc3\">\n<div class=\"gb-grid-wrapper gb-grid-wrapper-c6ab9062\">\n<div class=\"gb-grid-column gb-grid-column-d052f66a\"><div class=\"gb-container gb-container-d052f66a\">\n<figure class=\"gb-block-image gb-block-image-6582076d\"><a href=\"https:\/\/couvreur-montreuil-toiture.fr\/blog\/a-la-une\/comment-enlever-la-rouille-sur-du-fer-forge\/\"><img loading=\"lazy\" decoding=\"async\" width=\"400\" height=\"167\" src=\"https:\/\/couvreur-montreuil-toiture.fr\/blog\/wp-content\/uploads\/2025\/08\/sdxl-ea08bba95113020902732062c8b723cb-scaled.png\" class=\"gb-image-6582076d\" alt=\"\" \/><\/a><\/figure>\n<\/div><\/div>\n\n<div class=\"gb-grid-column gb-grid-column-0827c125\"><div class=\"gb-container gb-container-0827c125\">\n<div class=\"gb-headline gb-headline-e8307352 gb-headline-text\"><time class=\"entry-date published\" datetime=\"2025-08-08T00:47:48+02:00\">8 ao\u00fbt 2025<\/time><\/div>\n\n<h3 class=\"gb-headline gb-headline-599e1526 gb-headline-text\"><a href=\"https:\/\/couvreur-montreuil-toiture.fr\/blog\/a-la-une\/comment-enlever-la-rouille-sur-du-fer-forge\/\">Comment enlever la rouille sur du fer forg\u00e9 ?<\/a><\/h3>\n\n<div class=\"gb-container gb-container-77dbf500\"><\/div>\n<\/div><\/div>\n<\/div>\n<\/div><\/div>\n\n<div class=\"gb-grid-column gb-grid-column-4d5a3bc3 gb-query-loop-item post-7481 post type-post status-publish format-standard has-post-thumbnail hentry category-a-la-une\"><div class=\"gb-container gb-container-4d5a3bc3\">\n<div class=\"gb-grid-wrapper gb-grid-wrapper-c6ab9062\">\n<div class=\"gb-grid-column gb-grid-column-d052f66a\"><div class=\"gb-container gb-container-d052f66a\">\n<figure class=\"gb-block-image gb-block-image-6582076d\"><a href=\"https:\/\/couvreur-montreuil-toiture.fr\/blog\/a-la-une\/comment-remplacer-facilement-un-carreau-endommage\/\"><img loading=\"lazy\" decoding=\"async\" width=\"400\" height=\"167\" src=\"https:\/\/couvreur-montreuil-toiture.fr\/blog\/wp-content\/uploads\/2025\/08\/sdxl-78578cb300556b2f4dbea7c67a458d50-scaled.png\" class=\"gb-image-6582076d\" alt=\"\" \/><\/a><\/figure>\n<\/div><\/div>\n\n<div class=\"gb-grid-column gb-grid-column-0827c125\"><div class=\"gb-container gb-container-0827c125\">\n<div class=\"gb-headline gb-headline-e8307352 gb-headline-text\"><time class=\"entry-date published\" datetime=\"2025-08-07T12:58:06+02:00\">7 ao\u00fbt 2025<\/time><\/div>\n\n<h3 class=\"gb-headline gb-headline-599e1526 gb-headline-text\"><a href=\"https:\/\/couvreur-montreuil-toiture.fr\/blog\/a-la-une\/comment-remplacer-facilement-un-carreau-endommage\/\">Comment remplacer facilement un carreau endommag\u00e9<\/a><\/h3>\n\n<div class=\"gb-container gb-container-77dbf500\"><\/div>\n<\/div><\/div>\n<\/div>\n<\/div><\/div>\n\n<div class=\"gb-grid-column gb-grid-column-4d5a3bc3 gb-query-loop-item post-7477 post type-post status-publish format-standard has-post-thumbnail hentry category-a-la-une\"><div class=\"gb-container gb-container-4d5a3bc3\">\n<div class=\"gb-grid-wrapper gb-grid-wrapper-c6ab9062\">\n<div class=\"gb-grid-column gb-grid-column-d052f66a\"><div class=\"gb-container gb-container-d052f66a\">\n<figure class=\"gb-block-image gb-block-image-6582076d\"><a href=\"https:\/\/couvreur-montreuil-toiture.fr\/blog\/a-la-une\/egoutier-un-metier-ingrat-et-dangereux\/\"><img loading=\"lazy\" decoding=\"async\" width=\"400\" height=\"167\" src=\"https:\/\/couvreur-montreuil-toiture.fr\/blog\/wp-content\/uploads\/2025\/08\/sdxl-4c8be3f466ff07708b6777e519d402ef-scaled.png\" class=\"gb-image-6582076d\" alt=\"\" \/><\/a><\/figure>\n<\/div><\/div>\n\n<div class=\"gb-grid-column gb-grid-column-0827c125\"><div class=\"gb-container gb-container-0827c125\">\n<div class=\"gb-headline gb-headline-e8307352 gb-headline-text\"><time class=\"entry-date published\" datetime=\"2025-07-31T22:10:40+02:00\">31 juillet 2025<\/time><\/div>\n\n<h3 class=\"gb-headline gb-headline-599e1526 gb-headline-text\"><a href=\"https:\/\/couvreur-montreuil-toiture.fr\/blog\/a-la-une\/egoutier-un-metier-ingrat-et-dangereux\/\">\u00c9goutier : un m\u00e9tier ingrat et dangereux<\/a><\/h3>\n\n<div class=\"gb-container gb-container-77dbf500\"><\/div>\n<\/div><\/div>\n<\/div>\n<\/div><\/div>\n<\/div>\n\n<\/div><\/div>\n\n<div class=\"gb-grid-column gb-grid-column-2101bea1\"><div class=\"gb-container gb-container-2101bea1\">\n\n<div class=\"gb-grid-wrapper gb-grid-wrapper-160fd551 gb-query-loop-wrapper\">\n<div class=\"gb-grid-column gb-grid-column-749ae451 gb-query-loop-item post-7474 post type-post status-publish format-standard has-post-thumbnail hentry category-a-la-une\"><div class=\"gb-container gb-container-749ae451\">\n<div class=\"gb-grid-wrapper gb-grid-wrapper-7dfc9821\">\n<div class=\"gb-grid-column gb-grid-column-7798f56a\"><div class=\"gb-container gb-container-7798f56a\">\n<figure class=\"gb-block-image gb-block-image-cdfe6aa5\"><a href=\"https:\/\/couvreur-montreuil-toiture.fr\/blog\/a-la-une\/termites-bois-comprendre-detecter-proteger\/\"><img loading=\"lazy\" decoding=\"async\" width=\"400\" height=\"167\" src=\"https:\/\/couvreur-montreuil-toiture.fr\/blog\/wp-content\/uploads\/2025\/07\/sdxl-975c6184b17fe5a625bb3d9d59c8c399-scaled.png\" class=\"gb-image-cdfe6aa5\" alt=\"\" \/><\/a><\/figure>\n<\/div><\/div>\n\n<div class=\"gb-grid-column gb-grid-column-9b323f04\"><div class=\"gb-container gb-container-9b323f04\">\n<div class=\"gb-headline gb-headline-46885ce3 gb-headline-text\"><time class=\"entry-date published\" datetime=\"2025-07-28T10:18:15+02:00\">28 juillet 2025<\/time><\/div>\n\n<h3 class=\"gb-headline gb-headline-4aa4fb4a gb-headline-text\"><a href=\"https:\/\/couvreur-montreuil-toiture.fr\/blog\/a-la-une\/termites-bois-comprendre-detecter-proteger\/\">Termites bois : comprendre, d\u00e9tecter, prot\u00e9ger<\/a><\/h3>\n\n<div class=\"gb-container gb-container-758a4726\"><\/div>\n<\/div><\/div>\n<\/div>\n<\/div><\/div>\n\n<div class=\"gb-grid-column gb-grid-column-749ae451 gb-query-loop-item post-7471 post type-post status-publish format-standard has-post-thumbnail hentry category-a-la-une\"><div class=\"gb-container gb-container-749ae451\">\n<div class=\"gb-grid-wrapper gb-grid-wrapper-7dfc9821\">\n<div class=\"gb-grid-column gb-grid-column-7798f56a\"><div class=\"gb-container gb-container-7798f56a\">\n<figure class=\"gb-block-image gb-block-image-cdfe6aa5\"><a href=\"https:\/\/couvreur-montreuil-toiture.fr\/blog\/a-la-une\/toles-bac-les-modeles-les-plus-solides\/\"><img loading=\"lazy\" decoding=\"async\" width=\"400\" height=\"167\" src=\"https:\/\/couvreur-montreuil-toiture.fr\/blog\/wp-content\/uploads\/2025\/07\/sdxl-b1b7652d04ec14c367978ce5e6d34bbf-scaled.png\" class=\"gb-image-cdfe6aa5\" alt=\"\" \/><\/a><\/figure>\n<\/div><\/div>\n\n<div class=\"gb-grid-column gb-grid-column-9b323f04\"><div class=\"gb-container gb-container-9b323f04\">\n<div class=\"gb-headline gb-headline-46885ce3 gb-headline-text\"><time class=\"entry-date published\" datetime=\"2025-07-27T11:34:06+02:00\">27 juillet 2025<\/time><\/div>\n\n<h3 class=\"gb-headline gb-headline-4aa4fb4a gb-headline-text\"><a href=\"https:\/\/couvreur-montreuil-toiture.fr\/blog\/a-la-une\/toles-bac-les-modeles-les-plus-solides\/\">T\u00f4les bac : les mod\u00e8les les plus solides<\/a><\/h3>\n\n<div class=\"gb-container gb-container-758a4726\"><\/div>\n<\/div><\/div>\n<\/div>\n<\/div><\/div>\n\n<div class=\"gb-grid-column gb-grid-column-749ae451 gb-query-loop-item post-7468 post type-post status-publish format-standard has-post-thumbnail hentry category-a-la-une\"><div class=\"gb-container gb-container-749ae451\">\n<div class=\"gb-grid-wrapper gb-grid-wrapper-7dfc9821\">\n<div class=\"gb-grid-column gb-grid-column-7798f56a\"><div class=\"gb-container gb-container-7798f56a\">\n<figure class=\"gb-block-image gb-block-image-cdfe6aa5\"><a href=\"https:\/\/couvreur-montreuil-toiture.fr\/blog\/a-la-une\/top-7-des-delais-moyens-observes-pour-recevoir-un-devis-complet\/\"><img loading=\"lazy\" decoding=\"async\" width=\"400\" height=\"167\" src=\"https:\/\/couvreur-montreuil-toiture.fr\/blog\/wp-content\/uploads\/2025\/07\/sdxl-86a80ea30fd9d779b5f6ee2a87e87593-scaled.png\" class=\"gb-image-cdfe6aa5\" alt=\"\" \/><\/a><\/figure>\n<\/div><\/div>\n\n<div class=\"gb-grid-column gb-grid-column-9b323f04\"><div class=\"gb-container gb-container-9b323f04\">\n<div class=\"gb-headline gb-headline-46885ce3 gb-headline-text\"><time class=\"entry-date published\" datetime=\"2025-07-04T22:27:49+02:00\">4 juillet 2025<\/time><\/div>\n\n<h3 class=\"gb-headline gb-headline-4aa4fb4a gb-headline-text\"><a href=\"https:\/\/couvreur-montreuil-toiture.fr\/blog\/a-la-une\/top-7-des-delais-moyens-observes-pour-recevoir-un-devis-complet\/\">Top 7 des d\u00e9lais moyens observ\u00e9s pour recevoir un devis complet<\/a><\/h3>\n\n<div class=\"gb-container gb-container-758a4726\"><\/div>\n<\/div><\/div>\n<\/div>\n<\/div><\/div>\n<\/div>\n\n<\/div><\/div>\n\n<div class=\"gb-grid-column gb-grid-column-a6ee4012\"><div class=\"gb-container gb-container-a6ee4012\">\n\n<div class=\"gb-grid-wrapper gb-grid-wrapper-d91db76b gb-query-loop-wrapper\">\n<div class=\"gb-grid-column gb-grid-column-a419ee84 gb-query-loop-item post-7465 post type-post status-publish format-standard has-post-thumbnail hentry category-a-la-une\"><div class=\"gb-container gb-container-a419ee84\">\n<div class=\"gb-grid-wrapper gb-grid-wrapper-e963acf1\">\n<div class=\"gb-grid-column gb-grid-column-90895b49\"><div class=\"gb-container gb-container-90895b49\">\n<figure class=\"gb-block-image gb-block-image-dd68360f\"><a href=\"https:\/\/couvreur-montreuil-toiture.fr\/blog\/a-la-une\/quand-faire-appel-au-meilleur-couvreur-a-toulouse\/\"><img loading=\"lazy\" decoding=\"async\" width=\"400\" height=\"167\" src=\"https:\/\/couvreur-montreuil-toiture.fr\/blog\/wp-content\/uploads\/2025\/03\/sdxl-d853adfd8b7b6d143ef879336eb3f9d4.png\" class=\"gb-image-dd68360f\" alt=\"\" \/><\/a><\/figure>\n<\/div><\/div>\n\n<div class=\"gb-grid-column gb-grid-column-b7a5c856\"><div class=\"gb-container gb-container-b7a5c856\">\n<div class=\"gb-headline gb-headline-ceb6c4d4 gb-headline-text\"><time class=\"entry-date published\" datetime=\"2025-03-06T19:34:00+01:00\">6 mars 2025<\/time><\/div>\n\n<h3 class=\"gb-headline gb-headline-791ea391 gb-headline-text\"><a href=\"https:\/\/couvreur-montreuil-toiture.fr\/blog\/a-la-une\/quand-faire-appel-au-meilleur-couvreur-a-toulouse\/\">Quand faire appel au meilleur couvreur \u00e0 Toulouse ?<\/a><\/h3>\n\n<div class=\"gb-container gb-container-28a6405f\"><\/div>\n<\/div><\/div>\n<\/div>\n<\/div><\/div>\n<\/div>\n\n<\/div><\/div>\n\n<div class=\"gb-grid-column gb-grid-column-24890074\"><div class=\"gb-container gb-container-24890074\">\n\n<div class=\"gb-grid-wrapper gb-grid-wrapper-ec0235a6 gb-query-loop-wrapper\"><\/div>\n\n<\/div><\/div>\n<\/div>\n<\/div>\n<\/div>\n\n\n<p><\/p>\n","protected":false},"excerpt":{"rendered":"","protected":false},"author":34,"featured_media":0,"parent":0,"menu_order":0,"comment_status":"closed","ping_status":"closed","template":"","meta":{"_acf_changed":false,"manual_indexmenow":false,"indexmenow_id_project":0,"footnotes":""},"class_list":["post-367","page","type-page","status-publish"],"acf":[],"yoast_head":"<!-- This site is optimized with the Yoast SEO Premium plugin v21.3 (Yoast SEO v25.6) - https:\/\/yoast.com\/wordpress\/plugins\/seo\/ -->\n<title>Couvreur Montreuil Toiture, l&#039;excellence en couverture<\/title>\n<meta name=\"description\" content=\"Couvreur-montreuil-toiture.fr met \u00e0 votre service des experts en toiture pour des travaux r\u00e9alis\u00e9s avec savoir-faire et rigueur. Offrez \u00e0 votre habitation la qualit\u00e9 et la s\u00e9curit\u00e9 qu&#039;elle m\u00e9rite.\" \/>\n<meta name=\"robots\" content=\"index, follow, max-snippet:-1, max-image-preview:large, max-video-preview:-1\" \/>\n<link rel=\"canonical\" href=\"https:\/\/couvreur-montreuil-toiture.fr\/blog\/\" \/>\n<meta property=\"og:locale\" content=\"fr_FR\" \/>\n<meta property=\"og:type\" content=\"article\" \/>\n<meta property=\"og:title\" content=\"Couvreur Montreuil Toiture, l&#039;excellence en couverture\" \/>\n<meta property=\"og:description\" content=\"Couvreur-montreuil-toiture.fr met \u00e0 votre service des experts en toiture pour des travaux r\u00e9alis\u00e9s avec savoir-faire et rigueur. Offrez \u00e0 votre habitation la qualit\u00e9 et la s\u00e9curit\u00e9 qu&#039;elle m\u00e9rite.\" \/>\n<meta property=\"og:url\" content=\"https:\/\/couvreur-montreuil-toiture.fr\/blog\/\" \/>\n<meta property=\"og:site_name\" content=\"couvreur-montreuil-toiture\" \/>\n<meta name=\"twitter:card\" content=\"summary_large_image\" \/>\n<script type=\"application\/ld+json\" class=\"yoast-schema-graph\">{\"@context\":\"https:\/\/schema.org\",\"@graph\":[{\"@type\":\"WebPage\",\"@id\":\"https:\/\/couvreur-montreuil-toiture.fr\/blog\/\",\"url\":\"https:\/\/couvreur-montreuil-toiture.fr\/blog\/\",\"name\":\"Couvreur Montreuil Toiture, l'excellence en couverture\",\"isPartOf\":{\"@id\":\"https:\/\/couvreur-montreuil-toiture.fr\/blog\/#website\"},\"datePublished\":\"2023-12-12T14:50:52+00:00\",\"dateModified\":\"2025-02-17T13:58:38+00:00\",\"description\":\"Couvreur-montreuil-toiture.fr met \u00e0 votre service des experts en toiture pour des travaux r\u00e9alis\u00e9s avec savoir-faire et rigueur. Offrez \u00e0 votre habitation la qualit\u00e9 et la s\u00e9curit\u00e9 qu'elle m\u00e9rite.\",\"inLanguage\":\"fr-FR\",\"potentialAction\":[{\"@type\":\"ReadAction\",\"target\":[\"https:\/\/couvreur-montreuil-toiture.fr\/blog\/\"]}]},{\"@type\":\"WebSite\",\"@id\":\"https:\/\/couvreur-montreuil-toiture.fr\/blog\/#website\",\"url\":\"https:\/\/couvreur-montreuil-toiture.fr\/blog\/\",\"name\":\"couvreur-montreuil-toiture.fr\",\"description\":\"Couvreur Montreuil Toiture, l&#039;excellence en couverture\",\"publisher\":{\"@id\":\"https:\/\/couvreur-montreuil-toiture.fr\/blog\/#organization\"},\"alternateName\":\"Couvreur Montreuil Toiture, l'excellence en couverture\",\"potentialAction\":[{\"@type\":\"SearchAction\",\"target\":{\"@type\":\"EntryPoint\",\"urlTemplate\":\"https:\/\/couvreur-montreuil-toiture.fr\/blog\/?s={search_term_string}\"},\"query-input\":{\"@type\":\"PropertyValueSpecification\",\"valueRequired\":true,\"valueName\":\"search_term_string\"}}],\"inLanguage\":\"fr-FR\"},{\"@type\":\"Organization\",\"@id\":\"https:\/\/couvreur-montreuil-toiture.fr\/blog\/#organization\",\"name\":\"Foretsensations.fr\",\"url\":\"https:\/\/couvreur-montreuil-toiture.fr\/blog\/\",\"logo\":{\"@type\":\"ImageObject\",\"inLanguage\":\"fr-FR\",\"@id\":\"https:\/\/couvreur-montreuil-toiture.fr\/blog\/#\/schema\/logo\/image\/\",\"url\":\"https:\/\/couvreur-montreuil-toiture.fr\/blog\/wp-content\/uploads\/2024\/12\/couvreur-montreuil-toiture.png\",\"contentUrl\":\"https:\/\/couvreur-montreuil-toiture.fr\/blog\/wp-content\/uploads\/2024\/12\/couvreur-montreuil-toiture.png\",\"width\":500,\"height\":500,\"caption\":\"Foretsensations.fr\"},\"image\":{\"@id\":\"https:\/\/couvreur-montreuil-toiture.fr\/blog\/#\/schema\/logo\/image\/\"}}]}<\/script>\n<!-- \/ Yoast SEO Premium plugin. -->","yoast_head_json":{"title":"Couvreur Montreuil Toiture, l'excellence en couverture","description":"Couvreur-montreuil-toiture.fr met \u00e0 votre service des experts en toiture pour des travaux r\u00e9alis\u00e9s avec savoir-faire et rigueur. Offrez \u00e0 votre habitation la qualit\u00e9 et la s\u00e9curit\u00e9 qu'elle m\u00e9rite.","robots":{"index":"index","follow":"follow","max-snippet":"max-snippet:-1","max-image-preview":"max-image-preview:large","max-video-preview":"max-video-preview:-1"},"canonical":"https:\/\/couvreur-montreuil-toiture.fr\/blog\/","og_locale":"fr_FR","og_type":"article","og_title":"Couvreur Montreuil Toiture, l'excellence en couverture","og_description":"Couvreur-montreuil-toiture.fr met \u00e0 votre service des experts en toiture pour des travaux r\u00e9alis\u00e9s avec savoir-faire et rigueur. Offrez \u00e0 votre habitation la qualit\u00e9 et la s\u00e9curit\u00e9 qu'elle m\u00e9rite.","og_url":"https:\/\/couvreur-montreuil-toiture.fr\/blog\/","og_site_name":"couvreur-montreuil-toiture","twitter_card":"summary_large_image","schema":{"@context":"https:\/\/schema.org","@graph":[{"@type":"WebPage","@id":"https:\/\/couvreur-montreuil-toiture.fr\/blog\/","url":"https:\/\/couvreur-montreuil-toiture.fr\/blog\/","name":"Couvreur Montreuil Toiture, l'excellence en couverture","isPartOf":{"@id":"https:\/\/couvreur-montreuil-toiture.fr\/blog\/#website"},"datePublished":"2023-12-12T14:50:52+00:00","dateModified":"2025-02-17T13:58:38+00:00","description":"Couvreur-montreuil-toiture.fr met \u00e0 votre service des experts en toiture pour des travaux r\u00e9alis\u00e9s avec savoir-faire et rigueur. Offrez \u00e0 votre habitation la qualit\u00e9 et la s\u00e9curit\u00e9 qu'elle m\u00e9rite.","inLanguage":"fr-FR","potentialAction":[{"@type":"ReadAction","target":["https:\/\/couvreur-montreuil-toiture.fr\/blog\/"]}]},{"@type":"WebSite","@id":"https:\/\/couvreur-montreuil-toiture.fr\/blog\/#website","url":"https:\/\/couvreur-montreuil-toiture.fr\/blog\/","name":"couvreur-montreuil-toiture.fr","description":"Couvreur Montreuil Toiture, l&#039;excellence en couverture","publisher":{"@id":"https:\/\/couvreur-montreuil-toiture.fr\/blog\/#organization"},"alternateName":"Couvreur Montreuil Toiture, l'excellence en couverture","potentialAction":[{"@type":"SearchAction","target":{"@type":"EntryPoint","urlTemplate":"https:\/\/couvreur-montreuil-toiture.fr\/blog\/?s={search_term_string}"},"query-input":{"@type":"PropertyValueSpecification","valueRequired":true,"valueName":"search_term_string"}}],"inLanguage":"fr-FR"},{"@type":"Organization","@id":"https:\/\/couvreur-montreuil-toiture.fr\/blog\/#organization","name":"Foretsensations.fr","url":"https:\/\/couvreur-montreuil-toiture.fr\/blog\/","logo":{"@type":"ImageObject","inLanguage":"fr-FR","@id":"https:\/\/couvreur-montreuil-toiture.fr\/blog\/#\/schema\/logo\/image\/","url":"https:\/\/couvreur-montreuil-toiture.fr\/blog\/wp-content\/uploads\/2024\/12\/couvreur-montreuil-toiture.png","contentUrl":"https:\/\/couvreur-montreuil-toiture.fr\/blog\/wp-content\/uploads\/2024\/12\/couvreur-montreuil-toiture.png","width":500,"height":500,"caption":"Foretsensations.fr"},"image":{"@id":"https:\/\/couvreur-montreuil-toiture.fr\/blog\/#\/schema\/logo\/image\/"}}]}},"_links":{"self":[{"href":"https:\/\/couvreur-montreuil-toiture.fr\/blog\/wp-json\/wp\/v2\/pages\/367","targetHints":{"allow":["GET"]}}],"collection":[{"href":"https:\/\/couvreur-montreuil-toiture.fr\/blog\/wp-json\/wp\/v2\/pages"}],"about":[{"href":"https:\/\/couvreur-montreuil-toiture.fr\/blog\/wp-json\/wp\/v2\/types\/page"}],"author":[{"embeddable":true,"href":"https:\/\/couvreur-montreuil-toiture.fr\/blog\/wp-json\/wp\/v2\/users\/34"}],"replies":[{"embeddable":true,"href":"https:\/\/couvreur-montreuil-toiture.fr\/blog\/wp-json\/wp\/v2\/comments?post=367"}],"version-history":[{"count":63,"href":"https:\/\/couvreur-montreuil-toiture.fr\/blog\/wp-json\/wp\/v2\/pages\/367\/revisions"}],"predecessor-version":[{"id":7379,"href":"https:\/\/couvreur-montreuil-toiture.fr\/blog\/wp-json\/wp\/v2\/pages\/367\/revisions\/7379"}],"wp:attachment":[{"href":"https:\/\/couvreur-montreuil-toiture.fr\/blog\/wp-json\/wp\/v2\/media?parent=367"}],"curies":[{"name":"wp","href":"https:\/\/api.w.org\/{rel}","templated":true}]}}