{"id":7593,"date":"2026-03-30T22:26:41","date_gmt":"2026-03-30T20:26:41","guid":{"rendered":"https:\/\/couvreur-montreuil-toiture.fr\/blog\/?page_id=7593"},"modified":"2026-03-30T22:27:26","modified_gmt":"2026-03-30T20:27:26","slug":"a-propos","status":"publish","type":"page","link":"https:\/\/couvreur-montreuil-toiture.fr\/blog\/a-propos\/","title":{"rendered":"\u00c0 propos"},"content":{"rendered":"<p><span style=\"font-weight: 400;\">Couvreur Montreuil Toiture est votre r\u00e9f\u00e9rence pour tous les travaux de couverture \u00e0 Montreuil et en \u00cele-de-France \u2014 pose de tuiles et d&rsquo;ardoises, t\u00f4les bac, entretien et r\u00e9paration de toiture, isolation thermique, r\u00e9novation de charpente, traitement anti-termites, et ramonage. Des artisans couvreurs qualifi\u00e9s pour des toitures durables. <\/span><span style=\"font-weight: 400;\">Notre \u00e9quipe rassemble des couvreurs compagnons, des charpentiers et des conseillers en isolation qui connaissent les sp\u00e9cificit\u00e9s des toitures franciliennes.<\/span><\/p>\n","protected":false},"excerpt":{"rendered":"","protected":false},"author":34,"featured_media":0,"parent":0,"menu_order":0,"comment_status":"closed","ping_status":"closed","template":"","meta":{"_acf_changed":false,"manual_indexmenow":false,"indexmenow_id_project":0,"footnotes":""},"class_list":["post-7593","page","type-page","status-publish"],"acf":[],"yoast_head":"<!-- This site is optimized with the Yoast SEO Premium plugin v21.3 (Yoast SEO v25.6) - https:\/\/yoast.com\/wordpress\/plugins\/seo\/ -->\n<title>\u00c0 propos<\/title>\n<meta name=\"description\" content=\"Couvreur Montreuil Toiture est votre r\u00e9f\u00e9rence pour tous les travaux de couverture \u00e0 Montreuil et en \u00cele-de-France \u2014 pose de tuiles et d&#039;ardoises, t\u00f4les\" \/>\n<meta name=\"robots\" content=\"index, follow, max-snippet:-1, max-image-preview:large, max-video-preview:-1\" \/>\n<link rel=\"canonical\" href=\"https:\/\/couvreur-montreuil-toiture.fr\/blog\/a-propos\/\" \/>\n<meta property=\"og:locale\" content=\"fr_FR\" \/>\n<meta property=\"og:type\" content=\"article\" \/>\n<meta property=\"og:title\" content=\"\u00c0 propos\" \/>\n<meta property=\"og:description\" content=\"Couvreur Montreuil Toiture est votre r\u00e9f\u00e9rence pour tous les travaux de couverture \u00e0 Montreuil et en \u00cele-de-France \u2014 pose de tuiles et d&#039;ardoises, t\u00f4les\" \/>\n<meta property=\"og:url\" content=\"https:\/\/couvreur-montreuil-toiture.fr\/blog\/a-propos\/\" \/>\n<meta property=\"og:site_name\" content=\"couvreur-montreuil-toiture\" \/>\n<meta name=\"twitter:card\" content=\"summary_large_image\" \/>\n<script type=\"application\/ld+json\" class=\"yoast-schema-graph\">{\"@context\":\"https:\/\/schema.org\",\"@graph\":[{\"@type\":\"WebPage\",\"@id\":\"https:\/\/couvreur-montreuil-toiture.fr\/blog\/a-propos\/\",\"url\":\"https:\/\/couvreur-montreuil-toiture.fr\/blog\/a-propos\/\",\"name\":\"\u00c0 propos\",\"isPartOf\":{\"@id\":\"https:\/\/couvreur-montreuil-toiture.fr\/blog\/#website\"},\"datePublished\":\"2026-03-30T20:26:41+00:00\",\"dateModified\":\"2026-03-30T20:27:26+00:00\",\"description\":\"Couvreur Montreuil Toiture est votre r\u00e9f\u00e9rence pour tous les travaux de couverture \u00e0 Montreuil et en \u00cele-de-France \u2014 pose de tuiles et d'ardoises, t\u00f4les\",\"inLanguage\":\"fr-FR\",\"potentialAction\":[{\"@type\":\"ReadAction\",\"target\":[\"https:\/\/couvreur-montreuil-toiture.fr\/blog\/a-propos\/\"]}]},{\"@type\":\"WebSite\",\"@id\":\"https:\/\/couvreur-montreuil-toiture.fr\/blog\/#website\",\"url\":\"https:\/\/couvreur-montreuil-toiture.fr\/blog\/\",\"name\":\"couvreur-montreuil-toiture.fr\",\"description\":\"Couvreur Montreuil Toiture, l&#039;excellence en couverture\",\"publisher\":{\"@id\":\"https:\/\/couvreur-montreuil-toiture.fr\/blog\/#organization\"},\"alternateName\":\"Couvreur Montreuil Toiture, l'excellence en couverture\",\"potentialAction\":[{\"@type\":\"SearchAction\",\"target\":{\"@type\":\"EntryPoint\",\"urlTemplate\":\"https:\/\/couvreur-montreuil-toiture.fr\/blog\/?s={search_term_string}\"},\"query-input\":{\"@type\":\"PropertyValueSpecification\",\"valueRequired\":true,\"valueName\":\"search_term_string\"}}],\"inLanguage\":\"fr-FR\"},{\"@type\":\"Organization\",\"@id\":\"https:\/\/couvreur-montreuil-toiture.fr\/blog\/#organization\",\"name\":\"Foretsensations.fr\",\"url\":\"https:\/\/couvreur-montreuil-toiture.fr\/blog\/\",\"logo\":{\"@type\":\"ImageObject\",\"inLanguage\":\"fr-FR\",\"@id\":\"https:\/\/couvreur-montreuil-toiture.fr\/blog\/#\/schema\/logo\/image\/\",\"url\":\"https:\/\/couvreur-montreuil-toiture.fr\/blog\/wp-content\/uploads\/2024\/12\/couvreur-montreuil-toiture.png\",\"contentUrl\":\"https:\/\/couvreur-montreuil-toiture.fr\/blog\/wp-content\/uploads\/2024\/12\/couvreur-montreuil-toiture.png\",\"width\":500,\"height\":500,\"caption\":\"Foretsensations.fr\"},\"image\":{\"@id\":\"https:\/\/couvreur-montreuil-toiture.fr\/blog\/#\/schema\/logo\/image\/\"}}]}<\/script>\n<!-- \/ Yoast SEO Premium plugin. -->","yoast_head_json":{"title":"\u00c0 propos","description":"Couvreur Montreuil Toiture est votre r\u00e9f\u00e9rence pour tous les travaux de couverture \u00e0 Montreuil et en \u00cele-de-France \u2014 pose de tuiles et d'ardoises, t\u00f4les","robots":{"index":"index","follow":"follow","max-snippet":"max-snippet:-1","max-image-preview":"max-image-preview:large","max-video-preview":"max-video-preview:-1"},"canonical":"https:\/\/couvreur-montreuil-toiture.fr\/blog\/a-propos\/","og_locale":"fr_FR","og_type":"article","og_title":"\u00c0 propos","og_description":"Couvreur Montreuil Toiture est votre r\u00e9f\u00e9rence pour tous les travaux de couverture \u00e0 Montreuil et en \u00cele-de-France \u2014 pose de tuiles et d'ardoises, t\u00f4les","og_url":"https:\/\/couvreur-montreuil-toiture.fr\/blog\/a-propos\/","og_site_name":"couvreur-montreuil-toiture","twitter_card":"summary_large_image","schema":{"@context":"https:\/\/schema.org","@graph":[{"@type":"WebPage","@id":"https:\/\/couvreur-montreuil-toiture.fr\/blog\/a-propos\/","url":"https:\/\/couvreur-montreuil-toiture.fr\/blog\/a-propos\/","name":"\u00c0 propos","isPartOf":{"@id":"https:\/\/couvreur-montreuil-toiture.fr\/blog\/#website"},"datePublished":"2026-03-30T20:26:41+00:00","dateModified":"2026-03-30T20:27:26+00:00","description":"Couvreur Montreuil Toiture est votre r\u00e9f\u00e9rence pour tous les travaux de couverture \u00e0 Montreuil et en \u00cele-de-France \u2014 pose de tuiles et d'ardoises, t\u00f4les","inLanguage":"fr-FR","potentialAction":[{"@type":"ReadAction","target":["https:\/\/couvreur-montreuil-toiture.fr\/blog\/a-propos\/"]}]},{"@type":"WebSite","@id":"https:\/\/couvreur-montreuil-toiture.fr\/blog\/#website","url":"https:\/\/couvreur-montreuil-toiture.fr\/blog\/","name":"couvreur-montreuil-toiture.fr","description":"Couvreur Montreuil Toiture, l&#039;excellence en couverture","publisher":{"@id":"https:\/\/couvreur-montreuil-toiture.fr\/blog\/#organization"},"alternateName":"Couvreur Montreuil Toiture, l'excellence en couverture","potentialAction":[{"@type":"SearchAction","target":{"@type":"EntryPoint","urlTemplate":"https:\/\/couvreur-montreuil-toiture.fr\/blog\/?s={search_term_string}"},"query-input":{"@type":"PropertyValueSpecification","valueRequired":true,"valueName":"search_term_string"}}],"inLanguage":"fr-FR"},{"@type":"Organization","@id":"https:\/\/couvreur-montreuil-toiture.fr\/blog\/#organization","name":"Foretsensations.fr","url":"https:\/\/couvreur-montreuil-toiture.fr\/blog\/","logo":{"@type":"ImageObject","inLanguage":"fr-FR","@id":"https:\/\/couvreur-montreuil-toiture.fr\/blog\/#\/schema\/logo\/image\/","url":"https:\/\/couvreur-montreuil-toiture.fr\/blog\/wp-content\/uploads\/2024\/12\/couvreur-montreuil-toiture.png","contentUrl":"https:\/\/couvreur-montreuil-toiture.fr\/blog\/wp-content\/uploads\/2024\/12\/couvreur-montreuil-toiture.png","width":500,"height":500,"caption":"Foretsensations.fr"},"image":{"@id":"https:\/\/couvreur-montreuil-toiture.fr\/blog\/#\/schema\/logo\/image\/"}}]}},"_links":{"self":[{"href":"https:\/\/couvreur-montreuil-toiture.fr\/blog\/wp-json\/wp\/v2\/pages\/7593","targetHints":{"allow":["GET"]}}],"collection":[{"href":"https:\/\/couvreur-montreuil-toiture.fr\/blog\/wp-json\/wp\/v2\/pages"}],"about":[{"href":"https:\/\/couvreur-montreuil-toiture.fr\/blog\/wp-json\/wp\/v2\/types\/page"}],"author":[{"embeddable":true,"href":"https:\/\/couvreur-montreuil-toiture.fr\/blog\/wp-json\/wp\/v2\/users\/34"}],"replies":[{"embeddable":true,"href":"https:\/\/couvreur-montreuil-toiture.fr\/blog\/wp-json\/wp\/v2\/comments?post=7593"}],"version-history":[{"count":1,"href":"https:\/\/couvreur-montreuil-toiture.fr\/blog\/wp-json\/wp\/v2\/pages\/7593\/revisions"}],"predecessor-version":[{"id":7595,"href":"https:\/\/couvreur-montreuil-toiture.fr\/blog\/wp-json\/wp\/v2\/pages\/7593\/revisions\/7595"}],"wp:attachment":[{"href":"https:\/\/couvreur-montreuil-toiture.fr\/blog\/wp-json\/wp\/v2\/media?parent=7593"}],"curies":[{"name":"wp","href":"https:\/\/api.w.org\/{rel}","templated":true}]}}